{"id":1044,"date":"2018-02-23T17:11:34","date_gmt":"2018-02-23T16:11:34","guid":{"rendered":"http:\/\/sg-dipperz.de\/?page_id=1044"},"modified":"2018-05-29T20:35:21","modified_gmt":"2018-05-29T19:35:21","slug":"archiv-2","status":"publish","type":"page","link":"https:\/\/sg-dipperz.de\/index.php\/archiv-2\/","title":{"rendered":"Meister Bezirksliga Fulda Mitte 1998\/1999"},"content":{"rendered":"<p><a href=\"http:\/\/sg-dipperz.de\/wp-content\/uploads\/2018\/02\/Meisterbild.bmp\" target=\"_blank\" rel=\"noopener\"><img loading=\"lazy\" decoding=\"async\" class=\"aligncenter wp-image-1037\" src=\"http:\/\/sg-dipperz.de\/wp-content\/uploads\/2018\/02\/Meisterbild.bmp\" alt=\"\" width=\"1149\" height=\"569\" \/><\/a><\/p>\n<p>hinten v.l.: Obmann Hubert Aschenbr\u00fccker, Obmann Rainer &#8222;Coach&#8220; Mattern, (T)Rainer Goldbach, Bertram Heum\u00fcller, Erwin Brill, Frank Mattern, Michael Weiser, Oliver Vogel, Bernd Rumi, Marc Schramm, Steffen Rumi, Obmann Thomas Wagner, Obmann Thomas Breitung, Obmann Elmar Aschenbr\u00fccker<br \/>\nvorne v.l.: Kapit\u00e4n Marco Hohmann, Adnan Nuspahic, Tobias M\u00fcller, Rigobert Neubauer, J\u00f6rg J\u00e4ger, Peter Fladung, Matthias Storch, Frank Zentgraf, Rainer Weigelt, J\u00fcrgen Werner<br \/>\nSven Hirsch +<\/p>\n<p><!--more--><\/p>\n<p>Ein Jahr nach der Meisterschaft in der A-Liga und dem Aufstieg in die damalige Bezirksliga Fulda-Mitte konnte die SG Dipperz sogar noch einen drauf setzen und errang mit einem Husarenritt durch die Bezirksliga erneut die Meisterschaft und stieg in die Bezirksoberliga Fulda auf. Dies stellte den bislang gr\u00f6\u00dften Erfolg in der Vereinsgeschichte dar.<\/p>\n","protected":false},"excerpt":{"rendered":"<p>hinten v.l.: Obmann Hubert Aschenbr\u00fccker, Obmann Rainer &#8222;Coach&#8220; Mattern, (T)Rainer Goldbach, Bertram Heum\u00fcller, Erwin Brill, Frank Mattern, Michael Weiser, Oliver Vogel, Bernd Rumi, Marc Schramm, Steffen Rumi, Obmann Thomas Wagner, Obmann Thomas Breitung, Obmann Elmar Aschenbr\u00fccker vorne v.l.: Kapit\u00e4n Marco Hohmann, Adnan Nuspahic, Tobias M\u00fcller, Rigobert Neubauer, J\u00f6rg J\u00e4ger, Peter Fladung, Matthias Storch, Frank Zentgraf, [&hellip;]<\/p>\n","protected":false},"author":666667,"featured_media":0,"parent":0,"menu_order":0,"comment_status":"closed","ping_status":"closed","template":"","meta":{"footnotes":""},"class_list":["post-1044","page","type-page","status-publish","hentry"],"_links":{"self":[{"href":"https:\/\/sg-dipperz.de\/index.php\/wp-json\/wp\/v2\/pages\/1044","targetHints":{"allow":["GET"]}}],"collection":[{"href":"https:\/\/sg-dipperz.de\/index.php\/wp-json\/wp\/v2\/pages"}],"about":[{"href":"https:\/\/sg-dipperz.de\/index.php\/wp-json\/wp\/v2\/types\/page"}],"author":[{"embeddable":true,"href":"https:\/\/sg-dipperz.de\/index.php\/wp-json\/wp\/v2\/users\/666667"}],"replies":[{"embeddable":true,"href":"https:\/\/sg-dipperz.de\/index.php\/wp-json\/wp\/v2\/comments?post=1044"}],"version-history":[{"count":0,"href":"https:\/\/sg-dipperz.de\/index.php\/wp-json\/wp\/v2\/pages\/1044\/revisions"}],"wp:attachment":[{"href":"https:\/\/sg-dipperz.de\/index.php\/wp-json\/wp\/v2\/media?parent=1044"}],"curies":[{"name":"wp","href":"https:\/\/api.w.org\/{rel}","templated":true}]}}