{"id":1196,"date":"2018-03-10T18:54:30","date_gmt":"2018-03-10T17:54:30","guid":{"rendered":"http:\/\/sg-dipperz.de\/?page_id=1196"},"modified":"2018-05-29T20:35:06","modified_gmt":"2018-05-29T19:35:06","slug":"meister-a-liga-fulda-ost-1997-1998","status":"publish","type":"page","link":"https:\/\/sg-dipperz.de\/index.php\/meister-a-liga-fulda-ost-1997-1998\/","title":{"rendered":"Meister A-Liga Fulda Ost 1997\/1998"},"content":{"rendered":"<p><a href=\"http:\/\/sg-dipperz.de\/wp-content\/uploads\/2018\/03\/IMG_20180310_124618-1-e1520703266314.jpg\" target=\"_blank\" rel=\"noopener\"><img loading=\"lazy\" decoding=\"async\" class=\"aligncenter wp-image-1193 size-large\" src=\"http:\/\/sg-dipperz.de\/wp-content\/uploads\/2018\/03\/IMG_20180310_124618-1-e1520703266314-1024x768.jpg\" alt=\"\" width=\"970\" height=\"728\" srcset=\"https:\/\/sg-dipperz.de\/wp-content\/uploads\/2018\/03\/IMG_20180310_124618-1-e1520703266314-1024x768.jpg 1024w, https:\/\/sg-dipperz.de\/wp-content\/uploads\/2018\/03\/IMG_20180310_124618-1-e1520703266314-300x225.jpg 300w, https:\/\/sg-dipperz.de\/wp-content\/uploads\/2018\/03\/IMG_20180310_124618-1-e1520703266314-768x576.jpg 768w\" sizes=\"auto, (max-width: 970px) 100vw, 970px\" \/><\/a><\/p>\n<p>Hinten von links: TRainer Goldbach, Bertram Heum\u00fcller, Obmann Hubert Aschenbr\u00fccker, Erwin Brill, Frank Mattern, Dzervad Omanovic, Ahmed Sesic, Rainer Weigelt, Obmann Elmar Aschenbr\u00fccker, Bernd Rumi, Walter Illichmann, Obmann Rainer Mattern, Obmann Thomas Wagner, Obmann Thomas Breitung<br \/>\nVorne von links: Frank Zentgraf, Rigobert Neubauer, Tobias M\u00fcller, Kapit\u00e4n Marco Hohmann, Peter Fladung, J\u00f6rg J\u00e4ger, Steffen Rumi, Sven Hirsch, Michael Weiser<\/p>\n<p><!--more--><\/p>\n<p>Knapp 10\u00a0 Jahre sp\u00e4ter trat die Meisterelf von damals bei dem Sportfest 2007 gegen die aktuelle erste Mannschaft der SG Dipperz zu einem Freundschaftspiel an.<\/p>\n<p><a href=\"http:\/\/sg-dipperz.de\/wp-content\/uploads\/2018\/03\/BL_10_Jahre_danach-Kopie_2.jpg\" target=\"_blank\" rel=\"noopener\"><img loading=\"lazy\" decoding=\"async\" class=\"aligncenter wp-image-1251 size-large\" src=\"http:\/\/sg-dipperz.de\/wp-content\/uploads\/2018\/03\/BL_10_Jahre_danach-Kopie_2-1024x736.jpg\" alt=\"\" width=\"970\" height=\"697\" srcset=\"https:\/\/sg-dipperz.de\/wp-content\/uploads\/2018\/03\/BL_10_Jahre_danach-Kopie_2-1024x736.jpg 1024w, https:\/\/sg-dipperz.de\/wp-content\/uploads\/2018\/03\/BL_10_Jahre_danach-Kopie_2-300x216.jpg 300w, https:\/\/sg-dipperz.de\/wp-content\/uploads\/2018\/03\/BL_10_Jahre_danach-Kopie_2-768x552.jpg 768w\" sizes=\"auto, (max-width: 970px) 100vw, 970px\" \/><\/a><\/p>\n<p>Hinten von links: TRainer Goldbach, Kapit\u00e4n Marco Hohmann, Erwin Brill, Frank Mattern, Bernd Rumi, Steffen Rumi, Walter Illichmann, Bertram Heum\u00fcller.<br \/>\nVorne von links: Tobias M\u00fcller, Rigobert Neubauer, Peter Fladung, Michael Weiser, Rainer Weigelt.<\/p>\n<p>Das Spiel endete 5:1&#8230;wohlgemerkt, f\u00fcr die Meisterelf von damals. Das Bild nach dem Spiel gibt einen ungef\u00e4hren Eindruck dar\u00fcber, wie verdient der Sieg der Routiniers war&#8230;.<\/p>\n<div id=\"attachment_1195\" style=\"width: 310px\" class=\"wp-caption aligncenter\"><a href=\"http:\/\/sg-dipperz.de\/wp-content\/uploads\/2018\/03\/IMG_20180310_125037-1-e1520703883875.jpg\" target=\"_blank\" rel=\"noopener\"><img loading=\"lazy\" decoding=\"async\" aria-describedby=\"caption-attachment-1195\" class=\"wp-image-1195 size-medium\" src=\"http:\/\/sg-dipperz.de\/wp-content\/uploads\/2018\/03\/IMG_20180310_125037-1-e1520703883875-300x225.jpg\" alt=\"\" width=\"300\" height=\"225\" srcset=\"https:\/\/sg-dipperz.de\/wp-content\/uploads\/2018\/03\/IMG_20180310_125037-1-e1520703883875-300x225.jpg 300w, https:\/\/sg-dipperz.de\/wp-content\/uploads\/2018\/03\/IMG_20180310_125037-1-e1520703883875-768x576.jpg 768w, https:\/\/sg-dipperz.de\/wp-content\/uploads\/2018\/03\/IMG_20180310_125037-1-e1520703883875-1024x768.jpg 1024w\" sizes=\"auto, (max-width: 300px) 100vw, 300px\" \/><\/a><p id=\"caption-attachment-1195\" class=\"wp-caption-text\">nor<\/p><\/div>\n","protected":false},"excerpt":{"rendered":"<p>Hinten von links: TRainer Goldbach, Bertram Heum\u00fcller, Obmann Hubert Aschenbr\u00fccker, Erwin Brill, Frank Mattern, Dzervad Omanovic, Ahmed Sesic, Rainer Weigelt, Obmann Elmar Aschenbr\u00fccker, Bernd Rumi, Walter Illichmann, Obmann Rainer Mattern, Obmann Thomas Wagner, Obmann Thomas Breitung Vorne von links: Frank Zentgraf, Rigobert Neubauer, Tobias M\u00fcller, Kapit\u00e4n Marco Hohmann, Peter Fladung, J\u00f6rg J\u00e4ger, Steffen Rumi, Sven [&hellip;]<\/p>\n","protected":false},"author":666667,"featured_media":0,"parent":0,"menu_order":0,"comment_status":"closed","ping_status":"closed","template":"","meta":{"footnotes":""},"class_list":["post-1196","page","type-page","status-publish","hentry"],"_links":{"self":[{"href":"https:\/\/sg-dipperz.de\/index.php\/wp-json\/wp\/v2\/pages\/1196","targetHints":{"allow":["GET"]}}],"collection":[{"href":"https:\/\/sg-dipperz.de\/index.php\/wp-json\/wp\/v2\/pages"}],"about":[{"href":"https:\/\/sg-dipperz.de\/index.php\/wp-json\/wp\/v2\/types\/page"}],"author":[{"embeddable":true,"href":"https:\/\/sg-dipperz.de\/index.php\/wp-json\/wp\/v2\/users\/666667"}],"replies":[{"embeddable":true,"href":"https:\/\/sg-dipperz.de\/index.php\/wp-json\/wp\/v2\/comments?post=1196"}],"version-history":[{"count":0,"href":"https:\/\/sg-dipperz.de\/index.php\/wp-json\/wp\/v2\/pages\/1196\/revisions"}],"wp:attachment":[{"href":"https:\/\/sg-dipperz.de\/index.php\/wp-json\/wp\/v2\/media?parent=1196"}],"curies":[{"name":"wp","href":"https:\/\/api.w.org\/{rel}","templated":true}]}}