{"id":1619,"date":"2018-07-11T11:38:24","date_gmt":"2018-07-11T10:38:24","guid":{"rendered":"http:\/\/sg-dipperz.de\/?page_id=1619"},"modified":"2023-09-15T12:39:15","modified_gmt":"2023-09-15T11:39:15","slug":"senioren-2","status":"publish","type":"page","link":"https:\/\/sg-dipperz.de\/index.php\/senioren-2\/","title":{"rendered":"Erste Mannschaft"},"content":{"rendered":"<section  class='av_textblock_section av-lmkj15tn-83a188acabb4be02b368711e99d582a8 '   itemscope=\"itemscope\" itemtype=\"https:\/\/schema.org\/CreativeWork\" ><div class='avia_textblock'  itemprop=\"text\" ><h4 style=\"text-align: center;\">Saison 2022\/2023 Kreisoberliga Fulda-Mitte, Kader:<\/h4>\n<p><em>Tor:<\/em> Johannes Goldbach, Niklas Weiser, Marcel R\u00f6der, Kevin J\u00e4ger.<\/p>\n<p><em>Abwehr:<\/em> Christian Gr\u00f6sch, Fabian Helfrich, Florian St\u00fcss, Jonas Burkart, Julian Bernhard, Julian Weber, Lars M\u00fcller.<\/p>\n<p><em>Mittelfeld:<\/em> Felix Gutberlet, Finn Leibold (A-Jugend), Florian Baier, Jannik Hohmann, Johannes Heil, Kevin Steudter, Louis Breitung, Lukas Hohmann, Maximilian Rosada, Moritz Goldbach, Moritz Kremer, Oliver Br\u00f6cker, Sebastian Bullemer, Sebastian Burkart, Tom Leibold (A-Jugend).<\/p>\n<p><em>Angriff:<\/em> Leon Wirch, Lucas Herzog, Marius Lepa.<\/p>\n<p><em>Spielertrainer:<\/em> Kevin Steudter; <em>Betreuer:<\/em> Moritz Sch\u00e4fer, Dennis Gr\u00f6sch, Dirk Sch\u00e4fer, Christoph Baier.<\/p>\n<p><strong>Tore:\u00a0<\/strong>Johannes Heil (8), Sebastian Bullemer (6), Marius Lepa (4), Lukas Hohmann, Lars M\u00fcller (je 3), Moritz Kremer, Lucas Herzog, Florian St\u00fcss, Florian Beier (je 2), Christian Gr\u00f6sch, Moritz Goldbach, Oliver Br\u00f6cker (je 1).<\/p>\n<h4><\/h4>\n<h4 style=\"text-align: center;\">Saison 2018\/2019 Kreisoberliga Fulda-Mitte<\/h4>\n<p><a href=\"http:\/\/sg-dipperz.de\/wp-content\/uploads\/2018\/08\/DSC_1106a.jpg\"><img loading=\"lazy\" decoding=\"async\" class=\"aligncenter wp-image-1710 size-large\" src=\"http:\/\/sg-dipperz.de\/wp-content\/uploads\/2018\/08\/DSC_1106a-1024x527.jpg\" alt=\"\" width=\"970\" height=\"499\" srcset=\"https:\/\/sg-dipperz.de\/wp-content\/uploads\/2018\/08\/DSC_1106a-1024x527.jpg 1024w, https:\/\/sg-dipperz.de\/wp-content\/uploads\/2018\/08\/DSC_1106a-300x155.jpg 300w, https:\/\/sg-dipperz.de\/wp-content\/uploads\/2018\/08\/DSC_1106a-768x396.jpg 768w\" sizes=\"auto, (max-width: 970px) 100vw, 970px\" \/><\/a><\/p>\n<p><em>Hinten v.l.:<\/em> Torwarttrainer Holger Schneider, Trainer Alexander Lembcke, Lukas St\u00fc\u00df, Alijoscha Brauer, Marcel Schwab, Tobias Beier, Christian Gr\u00f6sch, Johannes Burkart, Moritz\u00a0<span class=\"cmp_parsed_location\" data-cmp_parsed_location_name=\"Goldbach\" data-cmp_parsed_location_weather=\"K09671121\" data-cmp_parsed_location_other=\"1\" data-ce-class=\"Locations\">Goldbach<\/span>, Sebastian Burkart, Brandon Beck<\/p>\n<p><em>Vorne v.l.:<\/em> Patrick M\u00fcller, Timo Klee, Andre Wagner, Felix Gutberlet, Maximilian Rosada, Julian Bernhardt, Florian St\u00fc\u00df, Fabian Helfrich<br \/>\nNicht auf dem Bild: Florian Beier, Roman L\u00f6rcher<\/p>\n<h4 style=\"text-align: center;\">Saison 2017\/2018 Kreisoberliga Fulda-Mitte<\/h4>\n<p><a href=\"http:\/\/sg-dipperz.de\/wp-content\/uploads\/2018\/02\/DSC_0910.jpg\" target=\"_blank\" rel=\"noopener noreferrer\"><img loading=\"lazy\" decoding=\"async\" class=\"aligncenter wp-image-1038 size-large\" src=\"http:\/\/sg-dipperz.de\/wp-content\/uploads\/2018\/02\/DSC_0910-1024x596.jpg\" alt=\"\" width=\"970\" height=\"565\" srcset=\"https:\/\/sg-dipperz.de\/wp-content\/uploads\/2018\/02\/DSC_0910-1024x596.jpg 1024w, https:\/\/sg-dipperz.de\/wp-content\/uploads\/2018\/02\/DSC_0910-300x175.jpg 300w, https:\/\/sg-dipperz.de\/wp-content\/uploads\/2018\/02\/DSC_0910-768x447.jpg 768w\" sizes=\"auto, (max-width: 970px) 100vw, 970px\" \/><\/a><\/p>\n<p><em>Hintere Reihe v.l.:<\/em> Dirk Sch\u00e4fer, Dustin Henkel, Alijoscha Brauer, Roman L\u00f6rcher, Christian Gr\u00f6sch, Manuel Beier, Sebastian M\u00e4urer, Moritz Goldbach, Andreas Sch\u00e4fer, Florian St\u00fc\u00df, Alexander Lembcke, Johannes Heil, Christoph Baier, Stefan Draut<\/p>\n<p><em>Vordere Reihe v.l.:<\/em> Mauritzio Kn\u00fcttel, Felix Gutberlet, Timo Klee, Julian Bernhardt, Lukas St\u00fc\u00df, Andre Wagner, Max Rosada, Julian Mans<\/p>\n<\/div><\/section>\n","protected":false},"excerpt":{"rendered":"","protected":false},"author":666667,"featured_media":0,"parent":0,"menu_order":0,"comment_status":"closed","ping_status":"closed","template":"","meta":{"footnotes":""},"class_list":["post-1619","page","type-page","status-publish","hentry"],"_links":{"self":[{"href":"https:\/\/sg-dipperz.de\/index.php\/wp-json\/wp\/v2\/pages\/1619","targetHints":{"allow":["GET"]}}],"collection":[{"href":"https:\/\/sg-dipperz.de\/index.php\/wp-json\/wp\/v2\/pages"}],"about":[{"href":"https:\/\/sg-dipperz.de\/index.php\/wp-json\/wp\/v2\/types\/page"}],"author":[{"embeddable":true,"href":"https:\/\/sg-dipperz.de\/index.php\/wp-json\/wp\/v2\/users\/666667"}],"replies":[{"embeddable":true,"href":"https:\/\/sg-dipperz.de\/index.php\/wp-json\/wp\/v2\/comments?post=1619"}],"version-history":[{"count":0,"href":"https:\/\/sg-dipperz.de\/index.php\/wp-json\/wp\/v2\/pages\/1619\/revisions"}],"wp:attachment":[{"href":"https:\/\/sg-dipperz.de\/index.php\/wp-json\/wp\/v2\/media?parent=1619"}],"curies":[{"name":"wp","href":"https:\/\/api.w.org\/{rel}","templated":true}]}}