{"id":1659,"date":"2018-07-14T16:44:39","date_gmt":"2018-07-14T15:44:39","guid":{"rendered":"http:\/\/sg-dipperz.de\/?page_id=1659"},"modified":"2022-11-02T16:30:52","modified_gmt":"2022-11-02T15:30:52","slug":"senioren","status":"publish","type":"page","link":"https:\/\/sg-dipperz.de\/index.php\/senioren\/","title":{"rendered":"Senioren"},"content":{"rendered":"<p>Mit der Ersten Mannschaft unserer FSG spielen wir seit der Saison 2016\/2017 ununterbrochen in der Kreisoberliga Fulda-Mitte. F\u00fcr die Fu\u00dfballspielgemeinschaft ist es ein gro\u00dfer Erfolg, sich so lange in dieser Liga aufhalten zu k\u00f6nnen. Der Aufstieg wurde 2016\/2017\u00a0 mit dem damaligen Spielertrainer Alexander Lembcke erreicht.<\/p>\n<p>Alexander Lembcke trainierte von der Saison 2015\/2016 bis zur Saison 2018\/2019 unsere FSG und legte den Grundstein f\u00fcr den jetzigen Erfolg in der Kreisoberliga. In der darauffolgenden Saison, 2019\/2020, trat Kevin Steudter das Amt des Chefcoaches an und f\u00fchrt dieses nach wie vor aus.<\/p>\n","protected":false},"excerpt":{"rendered":"<p>Mit der Ersten Mannschaft unserer FSG spielen wir seit der Saison 2016\/2017 ununterbrochen in der Kreisoberliga Fulda-Mitte. F\u00fcr die Fu\u00dfballspielgemeinschaft ist es ein gro\u00dfer Erfolg, sich so lange in dieser Liga aufhalten zu k\u00f6nnen. Der Aufstieg wurde 2016\/2017\u00a0 mit dem damaligen Spielertrainer Alexander Lembcke erreicht. Alexander Lembcke trainierte von der Saison 2015\/2016 bis zur Saison [&hellip;]<\/p>\n","protected":false},"author":666667,"featured_media":0,"parent":0,"menu_order":0,"comment_status":"closed","ping_status":"closed","template":"","meta":{"footnotes":""},"class_list":["post-1659","page","type-page","status-publish","hentry"],"_links":{"self":[{"href":"https:\/\/sg-dipperz.de\/index.php\/wp-json\/wp\/v2\/pages\/1659","targetHints":{"allow":["GET"]}}],"collection":[{"href":"https:\/\/sg-dipperz.de\/index.php\/wp-json\/wp\/v2\/pages"}],"about":[{"href":"https:\/\/sg-dipperz.de\/index.php\/wp-json\/wp\/v2\/types\/page"}],"author":[{"embeddable":true,"href":"https:\/\/sg-dipperz.de\/index.php\/wp-json\/wp\/v2\/users\/666667"}],"replies":[{"embeddable":true,"href":"https:\/\/sg-dipperz.de\/index.php\/wp-json\/wp\/v2\/comments?post=1659"}],"version-history":[{"count":0,"href":"https:\/\/sg-dipperz.de\/index.php\/wp-json\/wp\/v2\/pages\/1659\/revisions"}],"wp:attachment":[{"href":"https:\/\/sg-dipperz.de\/index.php\/wp-json\/wp\/v2\/media?parent=1659"}],"curies":[{"name":"wp","href":"https:\/\/api.w.org\/{rel}","templated":true}]}}