{"id":186,"date":"2012-12-17T13:51:02","date_gmt":"2012-12-17T12:51:02","guid":{"rendered":"http:\/\/sg-dipperz.de\/?page_id=186"},"modified":"2024-09-04T07:30:44","modified_gmt":"2024-09-04T06:30:44","slug":"ah","status":"publish","type":"page","link":"https:\/\/sg-dipperz.de\/index.php\/ah\/","title":{"rendered":"Alte Herren"},"content":{"rendered":"<section  class='av_textblock_section av-m0nha98k-b703ffc4ec6b368cb84c1925a78a455e '   itemscope=\"itemscope\" itemtype=\"https:\/\/schema.org\/CreativeWork\" ><div class='avia_textblock'  itemprop=\"text\" ><p>+++++++++++++++++++++++++++++++++++++++++++++++++++++++++++++++++++++++++++++++++++++++++++++++++++++++<\/p>\n<p><strong>Trainingszeiten:<\/strong><\/p>\n<p><strong>April &#8211; Oktober:<\/strong><\/p>\n<p><strong>Mittwoch<\/strong> 19:00-20:30 Uhr<\/p>\n<p>Sportplatz Lindenweg 4\u00a0 oder Fuldaer Stra\u00dfe 46 (=Flutlicht). Der Ort ist somit abh\u00e4ngig von den Lichtverh\u00e4ltnissen.<\/p>\n<p><strong>November &#8211; M\u00e4rz<\/strong><\/p>\n<p>Donnerstag 18:45 &#8211; 20:15 Uhr<\/p>\n<p>Turnhalle der Grundschule Dipperz<\/p>\n<p>+++++++++++++++++++++++++++++++++++++++++++++++++++++++++++++++++++++++++++++++++++++++++++++++++++++++<\/p>\n<p><a href=\"http:\/\/sg-dipperz.de\/wp-content\/uploads\/2018\/02\/IMG_0520-Kopie-1.jpg\"><img loading=\"lazy\" decoding=\"async\" class=\"size-medium wp-image-1018 aligncenter\" src=\"http:\/\/sg-dipperz.de\/wp-content\/uploads\/2018\/02\/IMG_0520-Kopie-1-300x227.jpg\" alt=\"\" width=\"300\" height=\"227\" srcset=\"https:\/\/sg-dipperz.de\/wp-content\/uploads\/2018\/02\/IMG_0520-Kopie-1-300x227.jpg 300w, https:\/\/sg-dipperz.de\/wp-content\/uploads\/2018\/02\/IMG_0520-Kopie-1-768x581.jpg 768w, https:\/\/sg-dipperz.de\/wp-content\/uploads\/2018\/02\/IMG_0520-Kopie-1-1024x774.jpg 1024w\" sizes=\"auto, (max-width: 300px) 100vw, 300px\" \/><\/a><\/p>\n<\/div><\/section>\n","protected":false},"excerpt":{"rendered":"","protected":false},"author":666667,"featured_media":0,"parent":0,"menu_order":0,"comment_status":"closed","ping_status":"closed","template":"","meta":{"footnotes":""},"class_list":["post-186","page","type-page","status-publish","hentry"],"_links":{"self":[{"href":"https:\/\/sg-dipperz.de\/index.php\/wp-json\/wp\/v2\/pages\/186","targetHints":{"allow":["GET"]}}],"collection":[{"href":"https:\/\/sg-dipperz.de\/index.php\/wp-json\/wp\/v2\/pages"}],"about":[{"href":"https:\/\/sg-dipperz.de\/index.php\/wp-json\/wp\/v2\/types\/page"}],"author":[{"embeddable":true,"href":"https:\/\/sg-dipperz.de\/index.php\/wp-json\/wp\/v2\/users\/666667"}],"replies":[{"embeddable":true,"href":"https:\/\/sg-dipperz.de\/index.php\/wp-json\/wp\/v2\/comments?post=186"}],"version-history":[{"count":0,"href":"https:\/\/sg-dipperz.de\/index.php\/wp-json\/wp\/v2\/pages\/186\/revisions"}],"wp:attachment":[{"href":"https:\/\/sg-dipperz.de\/index.php\/wp-json\/wp\/v2\/media?parent=186"}],"curies":[{"name":"wp","href":"https:\/\/api.w.org\/{rel}","templated":true}]}}