{"id":2061,"date":"2021-01-13T14:57:04","date_gmt":"2021-01-13T13:57:04","guid":{"rendered":"http:\/\/sg-dipperz.de\/?page_id=2061"},"modified":"2021-01-13T14:57:04","modified_gmt":"2021-01-13T13:57:04","slug":"spiele-und-statistiken-der-meistersaison-1997-1998","status":"publish","type":"page","link":"https:\/\/sg-dipperz.de\/index.php\/spiele-und-statistiken-der-meistersaison-1997-1998\/","title":{"rendered":"Spiele und Statistiken der Meistersaison 1997\/1998"},"content":{"rendered":"<p>Schon schnell in der Saison wurde deutlich, dass die SG Dipperz ein ganz hei\u00dfer Anw\u00e4rter auf die Meisterschaft ist. Wegen der spielstarken Truppe von Spielertrainer T-Rainer Goldbach durften Fans und Spieler selbst mit hohen Erwartungen in die Saison gehen. &#8222;Wenn die SG Dipperz sicherlich nicht zu den Meisterschaftsaspiranten der neuen Saison z\u00e4hlt, so haben wir uns vorgenommen, [&#8230;] den Topteams aus Eichenzell, Welkers und Motten so lange als m\u00f6glich Paroli zu bieten&#8220;, so die Einsch\u00e4tzung von TRainer vor der Saison.<\/p>\n<p>Direkt zu Saisonstart war aber klar, dass diese Mannschaft besonderes leisten kann. Nachdem Gersfeld mit 2:0 und der TSV Hilders mit 7:2 geschlagen wurden, folgte das erste Topspiel gegen Motten. An der Backeb\u00f6rle gab es ein ungef\u00e4hrdetes 3:0, wodurch Platz 1 weiter gefestigt wurde. Es folgten drei weitere &#8222;zu 0-Siege&#8220;, ehe es ausgerechnet gegen Dieterhausen den ersten Punktverlust gab. Die Partie endete 0:0. Allerding folgten darauf zwei Siege, unter anderem gegen Eichenzell, ehe es gegen Welkers die erste Saisonpleite setzte. Aufgrund der starken Heimbilanz (nach sechs Heimspielen kein Gegentor und f\u00fcnf Siege) wurde der erste Platz weiter gefestigt und vom zweiten Spieltag an souver\u00e4n verteidigt. Leider liegen uns vorerst nur die Daten bis zum 12. Spieltag vor.<\/p>\n<p>Folgende Spieler durften am Ende vollkommen zurecht die Meisterschaft bejubeln: Peter &#8222;Pit&#8220; Fladung (TW), J\u00f6rg &#8222;J\u00e4gger&#8220; J\u00e4ger (TW, 2 Tore), Leo Becker (1T), Bertram Heum\u00fcller (11T), Erwin &#8222;F\u00f6rster&#8220; Brill (5T), Frank &#8222;Frankie&#8220; Mattern, Dzervad &#8222;Gino&#8220; Omanovic (4T), Ahmed &#8222;Atschi&#8220; Sesic (1T), Rainer &#8222;Fred&#8220; Weigelt (1T), Bernd &#8222;Barnes&#8220; Rumi, Walter Illichmann, Frank &#8222;Pettersson&#8220; Zentgraf (1T), Rigobert Neubauer (1T), Tobias &#8222;Tobsi&#8220; M\u00fcller, Marco &#8222;Meisel&#8220; Hohmann (Kapit\u00e4n), Steffen &#8222;St\u00f6fes&#8220; Rumi (2T), Sven Hirsch, Michael &#8222;Michel&#8220; Weiser (1T), T-Rainer Goldbach (Spielertrainer, 2T).<\/p>\n","protected":false},"excerpt":{"rendered":"<p>Schon schnell in der Saison wurde deutlich, dass die SG Dipperz ein ganz hei\u00dfer Anw\u00e4rter auf die Meisterschaft ist. Wegen der spielstarken Truppe von Spielertrainer T-Rainer Goldbach durften Fans und Spieler selbst mit hohen Erwartungen in die Saison gehen. &#8222;Wenn die SG Dipperz sicherlich nicht zu den Meisterschaftsaspiranten der neuen Saison z\u00e4hlt, so haben wir [&hellip;]<\/p>\n","protected":false},"author":666667,"featured_media":0,"parent":0,"menu_order":0,"comment_status":"closed","ping_status":"closed","template":"","meta":{"footnotes":""},"class_list":["post-2061","page","type-page","status-publish","hentry"],"_links":{"self":[{"href":"https:\/\/sg-dipperz.de\/index.php\/wp-json\/wp\/v2\/pages\/2061","targetHints":{"allow":["GET"]}}],"collection":[{"href":"https:\/\/sg-dipperz.de\/index.php\/wp-json\/wp\/v2\/pages"}],"about":[{"href":"https:\/\/sg-dipperz.de\/index.php\/wp-json\/wp\/v2\/types\/page"}],"author":[{"embeddable":true,"href":"https:\/\/sg-dipperz.de\/index.php\/wp-json\/wp\/v2\/users\/666667"}],"replies":[{"embeddable":true,"href":"https:\/\/sg-dipperz.de\/index.php\/wp-json\/wp\/v2\/comments?post=2061"}],"version-history":[{"count":0,"href":"https:\/\/sg-dipperz.de\/index.php\/wp-json\/wp\/v2\/pages\/2061\/revisions"}],"wp:attachment":[{"href":"https:\/\/sg-dipperz.de\/index.php\/wp-json\/wp\/v2\/media?parent=2061"}],"curies":[{"name":"wp","href":"https:\/\/api.w.org\/{rel}","templated":true}]}}