{"id":459,"date":"2013-03-05T16:40:00","date_gmt":"2013-03-05T15:40:00","guid":{"rendered":"http:\/\/sg-dipperz.de\/?page_id=459"},"modified":"2025-06-13T08:09:14","modified_gmt":"2025-06-13T07:09:14","slug":"mitgliedsantrag","status":"publish","type":"page","link":"https:\/\/sg-dipperz.de\/index.php\/mitgliedsantrag\/","title":{"rendered":"Mitgliedsantrag"},"content":{"rendered":"<p>Liebe Sportfreunde,<\/p>\n<p>wir freuen uns sehr, wenn wir neue Mitglieder in unserem Verein begr\u00fc\u00dfen d\u00fcrfen. Bevor Sie den Mitgliedsantrag ausf\u00fcllen und bei dem im Impressum genannten Verantwortlichen (oder jedem weitere Vorstandsmitglied) abgeben bitten wir Sie, die in der Fu\u00dfzeile aufgef\u00fchrten Hinweise zum Datenschutz im Verein zu beachten.<\/p>\n<p><a href=\"http:\/\/sg-dipperz.de\/wp-content\/uploads\/2018\/03\/Mitgliedsantrag._1-1.pdf\" target=\"_blank\" rel=\"noopener noreferrer\">Mitgliedsantrag<\/a><\/p>\n<p>&nbsp;<\/p>\n<p>&nbsp;<\/p>\n<p>&nbsp;<\/p>\n<p>&nbsp;<\/p>\n<p>&nbsp;<\/p>\n<p>&nbsp;<\/p>\n","protected":false},"excerpt":{"rendered":"<p>Liebe Sportfreunde, wir freuen uns sehr, wenn wir neue Mitglieder in unserem Verein begr\u00fc\u00dfen d\u00fcrfen. Bevor Sie den Mitgliedsantrag ausf\u00fcllen und bei dem im Impressum genannten Verantwortlichen (oder jedem weitere Vorstandsmitglied) abgeben bitten wir Sie, die in der Fu\u00dfzeile aufgef\u00fchrten Hinweise zum Datenschutz im Verein zu beachten. Mitgliedsantrag &nbsp; &nbsp; &nbsp; &nbsp; &nbsp; &nbsp;<\/p>\n","protected":false},"author":666667,"featured_media":0,"parent":0,"menu_order":0,"comment_status":"closed","ping_status":"closed","template":"","meta":{"footnotes":""},"class_list":["post-459","page","type-page","status-publish","hentry"],"_links":{"self":[{"href":"https:\/\/sg-dipperz.de\/index.php\/wp-json\/wp\/v2\/pages\/459","targetHints":{"allow":["GET"]}}],"collection":[{"href":"https:\/\/sg-dipperz.de\/index.php\/wp-json\/wp\/v2\/pages"}],"about":[{"href":"https:\/\/sg-dipperz.de\/index.php\/wp-json\/wp\/v2\/types\/page"}],"author":[{"embeddable":true,"href":"https:\/\/sg-dipperz.de\/index.php\/wp-json\/wp\/v2\/users\/666667"}],"replies":[{"embeddable":true,"href":"https:\/\/sg-dipperz.de\/index.php\/wp-json\/wp\/v2\/comments?post=459"}],"version-history":[{"count":0,"href":"https:\/\/sg-dipperz.de\/index.php\/wp-json\/wp\/v2\/pages\/459\/revisions"}],"wp:attachment":[{"href":"https:\/\/sg-dipperz.de\/index.php\/wp-json\/wp\/v2\/media?parent=459"}],"curies":[{"name":"wp","href":"https:\/\/api.w.org\/{rel}","templated":true}]}}